{"id":7976,"date":"2025-05-16T10:29:52","date_gmt":"2025-05-16T10:29:52","guid":{"rendered":"https:\/\/639.pm-domains.de\/?post_type=product&#038;p=7976"},"modified":"2025-05-16T10:43:15","modified_gmt":"2025-05-16T10:43:15","slug":"resille-de-protection-noha","status":"publish","type":"product","link":"https:\/\/ecologa-europe.com\/shop\/produkt\/resille-de-protection-noha\/?lang=fr","title":{"rendered":"R\u00e9sille de protection Noha"},"content":{"rendered":"<p>Les rayonnements \u00e9lectromagn\u00e9tiques peuvent entra\u00eener diverses r\u00e9actions dans le corps humain, selon l&#8217;intensit\u00e9 et la dur\u00e9e de l&#8217;exposition. Les recherches des dix derni\u00e8res ann\u00e9es montrent des indications r\u00e9p\u00e9t\u00e9es sur les modifications de l&#8217;\u00e9quilibre oxydatif caus\u00e9es par l&#8217;exposition aux champs \u00e9lectromagn\u00e9tiques (CEM), m\u00eame \u00e0 faibles doses. Pour r\u00e9duire notre stress, il est essentiel de diminuer notre exposition personnelle aux rayonnements \u00e9lectromagn\u00e9tiques. En adoptant des gestes simples au quotidien, vous pouvez att\u00e9nuer les sympt\u00f4mes et am\u00e9liorer votre qualit\u00e9 de vie. Les v\u00eatements blind\u00e9s offrent \u00e9galement une protection suppl\u00e9mentaire.<\/p>\n<p>Pour la t\u00eate et le cou, nous avons con\u00e7u la r\u00e9sille Noha. Ce filet en tissu blind\u00e9 prot\u00e8ge efficacement la t\u00eate et le cou des hautes fr\u00e9quences, telles que le Wi-Fi, les t\u00e9l\u00e9phones sans fil, les antennes-relais de t\u00e9l\u00e9phonie mobile, les smartphones et le WLAN.<br \/>\nLe filet \u00e0 mailles fines repose confortablement sur les \u00e9paules et est maintenu sous les aisselles par un \u00e9lastique ajustable. Il peut \u00eatre port\u00e9 directement sur la t\u00eate ou par-dessus une casquette, un bonnet ou un chapeau, et s&#8217;adapte \u00e0 des couvre-chefs d&#8217;un diam\u00e8tre maximal de 35 cm.<\/p>\n<p>Fabriqu\u00e9 avec un tissu conducteur contenant 10 % d&#8217;argent, il est tr\u00e8s efficace pour la protection contre les CEM. L&#8217;att\u00e9nuation de la densit\u00e9 de puissance de 200 MHz \u00e0 14 GHz atteint 99,995 % (seulement 0,005 % est transmis).<\/p>\n<p>Sa capacit\u00e9 de blindage est la suivante :<br \/>\nen moyenne &lt; 45 dB de 0,2 GHz \u00e0 2 GHz<br \/>\nen moyenne &lt; 40 dB de 2 GHz &#8211; 5 GHz<br \/>\nmoyenne &lt; 36 dB de 5 GHz &#8211; 14 GHZ<\/p>\n<p>L&#8217;argent est consid\u00e9r\u00e9 comme une substance active biocide selon le \u00a767 de la directive europ\u00e9enne sur les biocides. De plus, le tissu est exempt de nanotechnologie et est certifi\u00e9 OEKO-TEX\u00ae STANDARD 100.<\/p>\n<p>La r\u00e9sille Noha n&#8217;est pas con\u00e7ue pour un usage ext\u00e9rieur, car le tissu blind\u00e9 n&#8217;est pas suffisamment transparent pour permettre des activit\u00e9s en plein air. Elle n&#8217;est pas non plus adapt\u00e9e pour une utilisation dans les escaliers ou lors de la conduite d&#8217;une voiture, en raison de son opacit\u00e9. En revanche, elle est id\u00e9ale pour les voyages en avion ou pour une utilisation \u00e0 domicile.<\/p>\n<p>La r\u00e9sille de protection est unisexe.<\/p>\n<p>Fabriqu\u00e9e en Allemagne<\/p>\n<p>Conseils d&#8217;entretien :<br \/>\nNe convient pas au s\u00e8che-linge, lavage en machine \u00e0 30\u00b0C cycle doux<br \/>\nNe pas utiliser d&#8217;adoucissant<\/p>\n","protected":false},"excerpt":{"rendered":"<p>Les rayonnements \u00e9lectromagn\u00e9tiques peuvent provoquer diverses r\u00e9actions dans le corps humain, en fonction de l&#8217;intensit\u00e9 et de la dur\u00e9e de l&#8217;exposition.<\/p>\n<p>En prenant des mesures simples au quotidien, vous pouvez att\u00e9nuer les sympt\u00f4mes et am\u00e9liorer votre qualit\u00e9 de vie. Les v\u00eatements blind\u00e9s offrent \u00e9galement une protection suppl\u00e9mentaire.<\/p>\n<p>Nous avons d\u00e9velopp\u00e9 le filet Noha pour la t\u00eate et le cou. Ce filet en tissu blind\u00e9 prot\u00e8ge efficacement la t\u00eate et le cou des hautes fr\u00e9quences telles que le Wi-Fi, les t\u00e9l\u00e9phones sans fil, les antennes de t\u00e9l\u00e9phonie mobile, les smartphones et les r\u00e9seaux locaux sans fil (WLAN).<\/p>\n<p>Le filet \u00e0 mailles fines repose confortablement sur les \u00e9paules et est maintenu sous les aisselles par une bande \u00e9lastique r\u00e9glable. Il peut \u00eatre port\u00e9 directement sur la t\u00eate ou par-dessus une casquette, un bonnet ou un chapeau et s&#8217;adapte aux couvre-chefs d&#8217;un diam\u00e8tre allant jusqu&#8217;\u00e0 35 cm.<\/p>\n<p>Fabriqu\u00e9 \u00e0 partir d&#8217;un tissu conducteur contenant 10 % d&#8217;argent, il est tr\u00e8s efficace pour faire \u00e9cran aux CEM. L&#8217;att\u00e9nuation de la densit\u00e9 de puissance de 200 MHz \u00e0 14 GHz atteint 99,995 % (seul 0,005 % est transmis).<\/p>\n<p>Noha est un filet unisexe<\/p>\n<p>Made in Germany<\/p>\n","protected":false},"featured_media":8006,"template":"","meta":{"inline_featured_image":false,"site-sidebar-layout":"default","site-content-layout":"","ast-site-content-layout":"default","site-content-style":"default","site-sidebar-style":"default","ast-global-header-display":"","ast-banner-title-visibility":"","ast-main-header-display":"","ast-hfb-above-header-display":"","ast-hfb-below-header-display":"","ast-hfb-mobile-header-display":"","site-post-title":"","ast-breadcrumbs-content":"","ast-featured-img":"","footer-sml-layout":"","ast-disable-related-posts":"","theme-transparent-header-meta":"default","adv-header-id-meta":"","stick-header-meta":"","header-above-stick-meta":"","header-main-stick-meta":"","header-below-stick-meta":"","astra-migrate-meta-layouts":"default","ast-page-background-enabled":"default","ast-page-background-meta":{"desktop":{"background-color":"var(--ast-global-color-5)","background-image":"","background-repeat":"repeat","background-position":"center center","background-size":"auto","background-attachment":"scroll","background-type":"","background-media":"","overlay-type":"","overlay-color":"","overlay-opacity":"","overlay-gradient":""},"tablet":{"background-color":"","background-image":"","background-repeat":"repeat","background-position":"center center","background-size":"auto","background-attachment":"scroll","background-type":"","background-media":"","overlay-type":"","overlay-color":"","overlay-opacity":"","overlay-gradient":""},"mobile":{"background-color":"","background-image":"","background-repeat":"repeat","background-position":"center center","background-size":"auto","background-attachment":"scroll","background-type":"","background-media":"","overlay-type":"","overlay-color":"","overlay-opacity":"","overlay-gradient":""}},"ast-content-background-meta":{"desktop":{"background-color":"var(--ast-global-color-4)","background-image":"","background-repeat":"repeat","background-position":"center center","background-size":"auto","background-attachment":"scroll","background-type":"","background-media":"","overlay-type":"","overlay-color":"","overlay-opacity":"","overlay-gradient":""},"tablet":{"background-color":"var(--ast-global-color-4)","background-image":"","background-repeat":"repeat","background-position":"center center","background-size":"auto","background-attachment":"scroll","background-type":"","background-media":"","overlay-type":"","overlay-color":"","overlay-opacity":"","overlay-gradient":""},"mobile":{"background-color":"var(--ast-global-color-4)","background-image":"","background-repeat":"repeat","background-position":"center center","background-size":"auto","background-attachment":"scroll","background-type":"","background-media":"","overlay-type":"","overlay-color":"","overlay-opacity":"","overlay-gradient":""}}},"product_brand":[],"product_cat":[198,186,185],"product_tag":[188],"class_list":{"0":"post-7976","1":"product","2":"type-product","3":"status-publish","4":"has-post-thumbnail","6":"product_cat-femmes","7":"product_cat-hommes","8":"product_cat-vetements-high-tech","9":"product_tag-vetements-de-protection","10":"product_shipping_class-standardversand","11":"desktop-align-left","12":"tablet-align-left","13":"mobile-align-left","15":"first","16":"instock","17":"taxable","18":"shipping-taxable","19":"purchasable","20":"product-type-simple"},"yoast_head":"<!-- This site is optimized with the Yoast SEO plugin v27.4 - https:\/\/yoast.com\/product\/yoast-seo-wordpress\/ -->\n<title>R\u00e9sille de protection Noha - Elektrosmog-Schutz Onlineshop<\/title>\n<meta name=\"description\" content=\"Noha prot\u00e8ge tr\u00e8s efficacement contre les CEM. L&#039;att\u00e9nuation de la densit\u00e9 de puissance de 200 MHz \u00e0 14 GHz atteint 99,995 % (seul 0,005 % est transmis).\" \/>\n<meta name=\"robots\" content=\"index, follow, max-snippet:-1, max-image-preview:large, max-video-preview:-1\" \/>\n<link rel=\"canonical\" href=\"https:\/\/ecologa-europe.com\/shop\/produkt\/resille-de-protection-noha\/\" \/>\n<meta property=\"og:locale\" content=\"de_DE\" \/>\n<meta property=\"og:type\" content=\"article\" \/>\n<meta property=\"og:title\" content=\"R\u00e9sille de protection Noha - Elektrosmog-Schutz Onlineshop\" \/>\n<meta property=\"og:description\" content=\"Noha prot\u00e8ge tr\u00e8s efficacement contre les CEM. L&#039;att\u00e9nuation de la densit\u00e9 de puissance de 200 MHz \u00e0 14 GHz atteint 99,995 % (seul 0,005 % est transmis).\" \/>\n<meta property=\"og:url\" content=\"https:\/\/ecologa-europe.com\/shop\/produkt\/resille-de-protection-noha\/?lang=fr\" \/>\n<meta property=\"og:site_name\" content=\"Elektrosmog-Schutz Onlineshop\" \/>\n<meta property=\"article:publisher\" content=\"https:\/\/www.facebook.com\/Ecologa-Europe-GmbH-1604744566252298\/\" \/>\n<meta property=\"article:modified_time\" content=\"2025-05-16T10:43:15+00:00\" \/>\n<meta property=\"og:image\" content=\"https:\/\/ecologa-europe.com\/shop\/wp-content\/uploads\/2025\/05\/noha_tuell_1.jpg\" \/>\n\t<meta property=\"og:image:width\" content=\"778\" \/>\n\t<meta property=\"og:image:height\" content=\"560\" \/>\n\t<meta property=\"og:image:type\" content=\"image\/jpeg\" \/>\n<meta name=\"twitter:card\" content=\"summary_large_image\" \/>\n<meta name=\"twitter:label1\" content=\"Gesch\u00e4tzte Lesezeit\" \/>\n\t<meta name=\"twitter:data1\" content=\"2\u00a0Minuten\" \/>\n<script type=\"application\/ld+json\" class=\"yoast-schema-graph\">{\"@context\":\"https:\\\/\\\/schema.org\",\"@graph\":[{\"@type\":\"WebPage\",\"@id\":\"https:\\\/\\\/ecologa-europe.com\\\/shop\\\/produkt\\\/resille-de-protection-noha\\\/?lang=fr\",\"url\":\"https:\\\/\\\/ecologa-europe.com\\\/shop\\\/produkt\\\/resille-de-protection-noha\\\/?lang=fr\",\"name\":\"R\u00e9sille de protection Noha - Elektrosmog-Schutz Onlineshop\",\"isPartOf\":{\"@id\":\"https:\\\/\\\/ecologa-europe.com\\\/shop\\\/#website\"},\"primaryImageOfPage\":{\"@id\":\"https:\\\/\\\/ecologa-europe.com\\\/shop\\\/produkt\\\/resille-de-protection-noha\\\/?lang=fr#primaryimage\"},\"image\":{\"@id\":\"https:\\\/\\\/ecologa-europe.com\\\/shop\\\/produkt\\\/resille-de-protection-noha\\\/?lang=fr#primaryimage\"},\"thumbnailUrl\":\"https:\\\/\\\/ecologa-europe.com\\\/shop\\\/wp-content\\\/uploads\\\/2025\\\/05\\\/noha_tuell_1.jpg\",\"datePublished\":\"2025-05-16T10:29:52+00:00\",\"dateModified\":\"2025-05-16T10:43:15+00:00\",\"description\":\"Noha prot\u00e8ge tr\u00e8s efficacement contre les CEM. L'att\u00e9nuation de la densit\u00e9 de puissance de 200 MHz \u00e0 14 GHz atteint 99,995 % (seul 0,005 % est transmis).\",\"breadcrumb\":{\"@id\":\"https:\\\/\\\/ecologa-europe.com\\\/shop\\\/produkt\\\/resille-de-protection-noha\\\/?lang=fr#breadcrumb\"},\"inLanguage\":\"de\",\"potentialAction\":[{\"@type\":\"ReadAction\",\"target\":[\"https:\\\/\\\/ecologa-europe.com\\\/shop\\\/produkt\\\/resille-de-protection-noha\\\/?lang=fr\"]}]},{\"@type\":\"ImageObject\",\"inLanguage\":\"de\",\"@id\":\"https:\\\/\\\/ecologa-europe.com\\\/shop\\\/produkt\\\/resille-de-protection-noha\\\/?lang=fr#primaryimage\",\"url\":\"https:\\\/\\\/ecologa-europe.com\\\/shop\\\/wp-content\\\/uploads\\\/2025\\\/05\\\/noha_tuell_1.jpg\",\"contentUrl\":\"https:\\\/\\\/ecologa-europe.com\\\/shop\\\/wp-content\\\/uploads\\\/2025\\\/05\\\/noha_tuell_1.jpg\",\"width\":778,\"height\":560},{\"@type\":\"BreadcrumbList\",\"@id\":\"https:\\\/\\\/ecologa-europe.com\\\/shop\\\/produkt\\\/resille-de-protection-noha\\\/?lang=fr#breadcrumb\",\"itemListElement\":[{\"@type\":\"ListItem\",\"position\":1,\"name\":\"Startseite\",\"item\":\"https:\\\/\\\/ecologa-europe.com\\\/shop\\\/\"},{\"@type\":\"ListItem\",\"position\":2,\"name\":\"Shop\",\"item\":\"https:\\\/\\\/ecologa-europe.com\\\/shop\\\/shop\\\/\"},{\"@type\":\"ListItem\",\"position\":3,\"name\":\"R\u00e9sille de protection Noha\"}]},{\"@type\":\"WebSite\",\"@id\":\"https:\\\/\\\/ecologa-europe.com\\\/shop\\\/#website\",\"url\":\"https:\\\/\\\/ecologa-europe.com\\\/shop\\\/\",\"name\":\"Elektrosmog-Schutz Onlineshop\",\"description\":\"Ecologa Europe\",\"publisher\":{\"@id\":\"https:\\\/\\\/ecologa-europe.com\\\/shop\\\/#organization\"},\"potentialAction\":[{\"@type\":\"SearchAction\",\"target\":{\"@type\":\"EntryPoint\",\"urlTemplate\":\"https:\\\/\\\/ecologa-europe.com\\\/shop\\\/?s={search_term_string}\"},\"query-input\":{\"@type\":\"PropertyValueSpecification\",\"valueRequired\":true,\"valueName\":\"search_term_string\"}}],\"inLanguage\":\"de\"},{\"@type\":\"Organization\",\"@id\":\"https:\\\/\\\/ecologa-europe.com\\\/shop\\\/#organization\",\"name\":\"Elektrosmog-Schutz Onlineshop\",\"url\":\"https:\\\/\\\/ecologa-europe.com\\\/shop\\\/\",\"logo\":{\"@type\":\"ImageObject\",\"inLanguage\":\"de\",\"@id\":\"https:\\\/\\\/ecologa-europe.com\\\/shop\\\/#\\\/schema\\\/logo\\\/image\\\/\",\"url\":\"https:\\\/\\\/ecologa-europe.com\\\/shop\\\/wp-content\\\/uploads\\\/2025\\\/04\\\/vertical-navbar-logo.svg\",\"contentUrl\":\"https:\\\/\\\/ecologa-europe.com\\\/shop\\\/wp-content\\\/uploads\\\/2025\\\/04\\\/vertical-navbar-logo.svg\",\"width\":182,\"height\":70,\"caption\":\"Elektrosmog-Schutz Onlineshop\"},\"image\":{\"@id\":\"https:\\\/\\\/ecologa-europe.com\\\/shop\\\/#\\\/schema\\\/logo\\\/image\\\/\"},\"sameAs\":[\"https:\\\/\\\/www.facebook.com\\\/Ecologa-Europe-GmbH-1604744566252298\\\/\",\"https:\\\/\\\/www.instagram.com\\\/ecologaeurope\\\/\"]}]}<\/script>\n<!-- \/ Yoast SEO plugin. -->","yoast_head_json":{"title":"R\u00e9sille de protection Noha - Elektrosmog-Schutz Onlineshop","description":"Noha prot\u00e8ge tr\u00e8s efficacement contre les CEM. L'att\u00e9nuation de la densit\u00e9 de puissance de 200 MHz \u00e0 14 GHz atteint 99,995 % (seul 0,005 % est transmis).","robots":{"index":"index","follow":"follow","max-snippet":"max-snippet:-1","max-image-preview":"max-image-preview:large","max-video-preview":"max-video-preview:-1"},"canonical":"https:\/\/ecologa-europe.com\/shop\/produkt\/resille-de-protection-noha\/","og_locale":"de_DE","og_type":"article","og_title":"R\u00e9sille de protection Noha - Elektrosmog-Schutz Onlineshop","og_description":"Noha prot\u00e8ge tr\u00e8s efficacement contre les CEM. L'att\u00e9nuation de la densit\u00e9 de puissance de 200 MHz \u00e0 14 GHz atteint 99,995 % (seul 0,005 % est transmis).","og_url":"https:\/\/ecologa-europe.com\/shop\/produkt\/resille-de-protection-noha\/?lang=fr","og_site_name":"Elektrosmog-Schutz Onlineshop","article_publisher":"https:\/\/www.facebook.com\/Ecologa-Europe-GmbH-1604744566252298\/","article_modified_time":"2025-05-16T10:43:15+00:00","og_image":[{"width":778,"height":560,"url":"https:\/\/ecologa-europe.com\/shop\/wp-content\/uploads\/2025\/05\/noha_tuell_1.jpg","type":"image\/jpeg"}],"twitter_card":"summary_large_image","twitter_misc":{"Gesch\u00e4tzte Lesezeit":"2\u00a0Minuten"},"schema":{"@context":"https:\/\/schema.org","@graph":[{"@type":"WebPage","@id":"https:\/\/ecologa-europe.com\/shop\/produkt\/resille-de-protection-noha\/?lang=fr","url":"https:\/\/ecologa-europe.com\/shop\/produkt\/resille-de-protection-noha\/?lang=fr","name":"R\u00e9sille de protection Noha - Elektrosmog-Schutz Onlineshop","isPartOf":{"@id":"https:\/\/ecologa-europe.com\/shop\/#website"},"primaryImageOfPage":{"@id":"https:\/\/ecologa-europe.com\/shop\/produkt\/resille-de-protection-noha\/?lang=fr#primaryimage"},"image":{"@id":"https:\/\/ecologa-europe.com\/shop\/produkt\/resille-de-protection-noha\/?lang=fr#primaryimage"},"thumbnailUrl":"https:\/\/ecologa-europe.com\/shop\/wp-content\/uploads\/2025\/05\/noha_tuell_1.jpg","datePublished":"2025-05-16T10:29:52+00:00","dateModified":"2025-05-16T10:43:15+00:00","description":"Noha prot\u00e8ge tr\u00e8s efficacement contre les CEM. L'att\u00e9nuation de la densit\u00e9 de puissance de 200 MHz \u00e0 14 GHz atteint 99,995 % (seul 0,005 % est transmis).","breadcrumb":{"@id":"https:\/\/ecologa-europe.com\/shop\/produkt\/resille-de-protection-noha\/?lang=fr#breadcrumb"},"inLanguage":"de","potentialAction":[{"@type":"ReadAction","target":["https:\/\/ecologa-europe.com\/shop\/produkt\/resille-de-protection-noha\/?lang=fr"]}]},{"@type":"ImageObject","inLanguage":"de","@id":"https:\/\/ecologa-europe.com\/shop\/produkt\/resille-de-protection-noha\/?lang=fr#primaryimage","url":"https:\/\/ecologa-europe.com\/shop\/wp-content\/uploads\/2025\/05\/noha_tuell_1.jpg","contentUrl":"https:\/\/ecologa-europe.com\/shop\/wp-content\/uploads\/2025\/05\/noha_tuell_1.jpg","width":778,"height":560},{"@type":"BreadcrumbList","@id":"https:\/\/ecologa-europe.com\/shop\/produkt\/resille-de-protection-noha\/?lang=fr#breadcrumb","itemListElement":[{"@type":"ListItem","position":1,"name":"Startseite","item":"https:\/\/ecologa-europe.com\/shop\/"},{"@type":"ListItem","position":2,"name":"Shop","item":"https:\/\/ecologa-europe.com\/shop\/shop\/"},{"@type":"ListItem","position":3,"name":"R\u00e9sille de protection Noha"}]},{"@type":"WebSite","@id":"https:\/\/ecologa-europe.com\/shop\/#website","url":"https:\/\/ecologa-europe.com\/shop\/","name":"Elektrosmog-Schutz Onlineshop","description":"Ecologa Europe","publisher":{"@id":"https:\/\/ecologa-europe.com\/shop\/#organization"},"potentialAction":[{"@type":"SearchAction","target":{"@type":"EntryPoint","urlTemplate":"https:\/\/ecologa-europe.com\/shop\/?s={search_term_string}"},"query-input":{"@type":"PropertyValueSpecification","valueRequired":true,"valueName":"search_term_string"}}],"inLanguage":"de"},{"@type":"Organization","@id":"https:\/\/ecologa-europe.com\/shop\/#organization","name":"Elektrosmog-Schutz Onlineshop","url":"https:\/\/ecologa-europe.com\/shop\/","logo":{"@type":"ImageObject","inLanguage":"de","@id":"https:\/\/ecologa-europe.com\/shop\/#\/schema\/logo\/image\/","url":"https:\/\/ecologa-europe.com\/shop\/wp-content\/uploads\/2025\/04\/vertical-navbar-logo.svg","contentUrl":"https:\/\/ecologa-europe.com\/shop\/wp-content\/uploads\/2025\/04\/vertical-navbar-logo.svg","width":182,"height":70,"caption":"Elektrosmog-Schutz Onlineshop"},"image":{"@id":"https:\/\/ecologa-europe.com\/shop\/#\/schema\/logo\/image\/"},"sameAs":["https:\/\/www.facebook.com\/Ecologa-Europe-GmbH-1604744566252298\/","https:\/\/www.instagram.com\/ecologaeurope\/"]}]}},"_links":{"self":[{"href":"https:\/\/ecologa-europe.com\/shop\/wp-json\/wp\/v2\/product\/7976","targetHints":{"allow":["GET"]}}],"collection":[{"href":"https:\/\/ecologa-europe.com\/shop\/wp-json\/wp\/v2\/product"}],"about":[{"href":"https:\/\/ecologa-europe.com\/shop\/wp-json\/wp\/v2\/types\/product"}],"wp:featuredmedia":[{"embeddable":true,"href":"https:\/\/ecologa-europe.com\/shop\/wp-json\/wp\/v2\/media\/8006"}],"wp:attachment":[{"href":"https:\/\/ecologa-europe.com\/shop\/wp-json\/wp\/v2\/media?parent=7976"}],"wp:term":[{"taxonomy":"product_brand","embeddable":true,"href":"https:\/\/ecologa-europe.com\/shop\/wp-json\/wp\/v2\/product_brand?post=7976"},{"taxonomy":"product_cat","embeddable":true,"href":"https:\/\/ecologa-europe.com\/shop\/wp-json\/wp\/v2\/product_cat?post=7976"},{"taxonomy":"product_tag","embeddable":true,"href":"https:\/\/ecologa-europe.com\/shop\/wp-json\/wp\/v2\/product_tag?post=7976"}],"curies":[{"name":"wp","href":"https:\/\/api.w.org\/{rel}","templated":true}]}}