{"id":7977,"date":"2025-05-16T10:29:52","date_gmt":"2025-05-16T10:29:52","guid":{"rendered":"https:\/\/639.pm-domains.de\/?post_type=product&#038;p=7977"},"modified":"2025-05-16T10:43:15","modified_gmt":"2025-05-16T10:43:15","slug":"rete-protettiva-noha","status":"publish","type":"product","link":"https:\/\/ecologa-europe.com\/shop\/produkt\/rete-protettiva-noha\/?lang=it","title":{"rendered":"Rete protettiva Noha"},"content":{"rendered":"<p>Le radiazioni elettromagnetiche possono provocare diverse reazioni nel corpo umano, a seconda dell&#8217;intensit\u00e0 e della durata dell&#8217;esposizione. Le ricerche degli ultimi dieci anni hanno ripetutamente evidenziato le alterazioni dell&#8217;equilibrio ossidativo causate dall&#8217;esposizione ai campi elettromagnetici (CEM), anche a basse dosi. Per ridurre lo stress, \u00e8 essenziale ridurre la nostra esposizione personale alle radiazioni elettromagnetiche. Adottando semplici accorgimenti quotidiani, \u00e8 possibile ridurre i sintomi e migliorare la qualit\u00e0 della vita. Anche gli indumenti schermati offrono una protezione supplementare.<\/p>\n<p>Per la testa e il collo abbiamo progettato la maglia Noha. Questa rete schermata protegge efficacemente la testa e il collo dalle alte frequenze, come quelle del Wi-Fi, dei telefoni cordless, delle antenne di telefonia mobile, degli smartphone e della WLAN.<br \/>\nLa rete a maglia fine si appoggia comodamente sulle spalle ed \u00e8 trattenuta sotto le ascelle da un elastico regolabile. Pu\u00f2 essere indossata direttamente sulla testa o sopra un berretto, un berretto o un cappello e si adatta a copricapi fino a 35 cm di diametro.<\/p>\n<p>Realizzato con un tessuto conduttivo contenente il 10% di argento, \u00e8 altamente efficace nel proteggere dalla CEM. L&#8217;attenuazione della densit\u00e0 di potenza da 200 MHz a 14 GHz \u00e8 del 99,995% (solo lo 0,005% viene trasmesso).<\/p>\n<p>La sua capacit\u00e0 di schermatura \u00e8 la seguente:<br \/>\nin media &lt; 45 dB da 0,2 GHz &#8211; 2 GHz<br \/>\nin media &lt; 40 dB da 2 GHz a 5 GHz<br \/>\nin media &lt; 36 dB da 5 GHz &#8211; 14 GHZ<\/p>\n<p>L&#8217;argento \u00e8 considerato un principio attivo biocida ai sensi del \u00a767 della Direttiva Europea sui Biocidi. Il tessuto \u00e8 inoltre privo di nanotecnologie ed \u00e8 certificato OEKO-TEX\u00ae STANDARD 100.<\/p>\n<p>Noha non \u00e8 progettato per l&#8217;uso all&#8217;aperto, in quanto il tessuto corazzato non \u00e8 sufficientemente trasparente per le attivit\u00e0 all&#8217;aperto. Non \u00e8 nemmeno adatto all&#8217;uso sulle scale o alla guida di un&#8217;auto, a causa della sua opacit\u00e0. Tuttavia, \u00e8 ideale per i viaggi in aereo o per l&#8217;uso in casa.<\/p>\n<p>Questa rete \u00e8 unisex.<\/p>\n<p>Prodotta in Germania<\/p>\n<p>Istruzioni per la cura:<br \/>\nNon asciugare in asciugatrice, lavare in lavatrice a 30\u00b0C con ciclo delicato.<br \/>\nNon utilizzare ammorbidenti<\/p>\n","protected":false},"excerpt":{"rendered":"<p>Le radiazioni elettromagnetiche possono provocare diverse reazioni nel corpo umano, a seconda dell&#8217;intensit\u00e0 e della durata dell&#8217;esposizione.<\/p>\n<p>Adottando semplici misure quotidiane, \u00e8 possibile alleviare i sintomi e migliorare la qualit\u00e0 della vita. Anche l&#8217;abbigliamento schermato offre una protezione aggiuntiva.<\/p>\n<p>Abbiamo sviluppato la rete Noha per la zona della testa e del collo. Questa rete in tessuto schermato protegge efficacemente la testa e il collo dalle alte frequenze come Wi-Fi, telefoni cordless, antenne di telefonia mobile, smartphone e WLAN.<\/p>\n<p>La rete a maglia fine si appoggia comodamente sulle spalle ed \u00e8 tenuta in posizione sotto le ascelle da una fascia elastica regolabile. Pu\u00f2 essere indossata direttamente sulla testa o sopra un berretto, un berretto o un cappello e si adatta a copricapi con un diametro fino a 35 cm.<\/p>\n<p>Realizzato in un tessuto conduttivo con il 10% di argento, \u00e8 molto efficace per schermare i campi elettromagnetici. L&#8217;attenuazione della densit\u00e0 di potenza da 200 MHz a 14 GHz raggiunge il 99,995% (solo lo 0,005% viene trasmesso).<\/p>\n<p>Noha \u00e8 unisex<\/p>\n<p>Prodotta in Germania.<\/p>\n","protected":false},"featured_media":8007,"template":"","meta":{"inline_featured_image":false,"site-sidebar-layout":"default","site-content-layout":"","ast-site-content-layout":"default","site-content-style":"default","site-sidebar-style":"default","ast-global-header-display":"","ast-banner-title-visibility":"","ast-main-header-display":"","ast-hfb-above-header-display":"","ast-hfb-below-header-display":"","ast-hfb-mobile-header-display":"","site-post-title":"","ast-breadcrumbs-content":"","ast-featured-img":"","footer-sml-layout":"","ast-disable-related-posts":"","theme-transparent-header-meta":"default","adv-header-id-meta":"","stick-header-meta":"","header-above-stick-meta":"","header-main-stick-meta":"","header-below-stick-meta":"","astra-migrate-meta-layouts":"default","ast-page-background-enabled":"default","ast-page-background-meta":{"desktop":{"background-color":"var(--ast-global-color-5)","background-image":"","background-repeat":"repeat","background-position":"center center","background-size":"auto","background-attachment":"scroll","background-type":"","background-media":"","overlay-type":"","overlay-color":"","overlay-opacity":"","overlay-gradient":""},"tablet":{"background-color":"","background-image":"","background-repeat":"repeat","background-position":"center center","background-size":"auto","background-attachment":"scroll","background-type":"","background-media":"","overlay-type":"","overlay-color":"","overlay-opacity":"","overlay-gradient":""},"mobile":{"background-color":"","background-image":"","background-repeat":"repeat","background-position":"center center","background-size":"auto","background-attachment":"scroll","background-type":"","background-media":"","overlay-type":"","overlay-color":"","overlay-opacity":"","overlay-gradient":""}},"ast-content-background-meta":{"desktop":{"background-color":"var(--ast-global-color-4)","background-image":"","background-repeat":"repeat","background-position":"center center","background-size":"auto","background-attachment":"scroll","background-type":"","background-media":"","overlay-type":"","overlay-color":"","overlay-opacity":"","overlay-gradient":""},"tablet":{"background-color":"var(--ast-global-color-4)","background-image":"","background-repeat":"repeat","background-position":"center center","background-size":"auto","background-attachment":"scroll","background-type":"","background-media":"","overlay-type":"","overlay-color":"","overlay-opacity":"","overlay-gradient":""},"mobile":{"background-color":"var(--ast-global-color-4)","background-image":"","background-repeat":"repeat","background-position":"center center","background-size":"auto","background-attachment":"scroll","background-type":"","background-media":"","overlay-type":"","overlay-color":"","overlay-opacity":"","overlay-gradient":""}}},"product_brand":[],"product_cat":[190,202,191],"product_tag":[192],"class_list":{"0":"post-7977","1":"product","2":"type-product","3":"status-publish","4":"has-post-thumbnail","6":"product_cat-abbigliamento-high-tech","7":"product_cat-donne","8":"product_cat-uomo","9":"product_tag-abbigliamenti-schermanti","10":"product_shipping_class-standardversand","11":"desktop-align-left","12":"tablet-align-left","13":"mobile-align-left","15":"first","16":"instock","17":"taxable","18":"shipping-taxable","19":"purchasable","20":"product-type-simple"},"yoast_head":"<!-- This site is optimized with the Yoast SEO plugin v27.5 - https:\/\/yoast.com\/product\/yoast-seo-wordpress\/ -->\n<title>Rete protettiva Noha - Elektrosmog-Schutz Onlineshop<\/title>\n<meta name=\"description\" content=\"Noha scherma i campi elettromagnetici in modo molto efficace. L&#039;attenuazione della densit\u00e0 di potenza da 200 MHz a 14 GHz raggiunge il 99,995% (solo lo 0,005% viene trasmesso).\" \/>\n<meta name=\"robots\" content=\"index, follow, max-snippet:-1, max-image-preview:large, max-video-preview:-1\" \/>\n<link rel=\"canonical\" href=\"https:\/\/ecologa-europe.com\/shop\/produkt\/rete-protettiva-noha\/\" \/>\n<meta property=\"og:locale\" content=\"de_DE\" \/>\n<meta property=\"og:type\" content=\"article\" \/>\n<meta property=\"og:title\" content=\"Rete protettiva Noha - Elektrosmog-Schutz Onlineshop\" \/>\n<meta property=\"og:description\" content=\"Noha scherma i campi elettromagnetici in modo molto efficace. L&#039;attenuazione della densit\u00e0 di potenza da 200 MHz a 14 GHz raggiunge il 99,995% (solo lo 0,005% viene trasmesso).\" \/>\n<meta property=\"og:url\" content=\"https:\/\/ecologa-europe.com\/shop\/produkt\/rete-protettiva-noha\/?lang=it\" \/>\n<meta property=\"og:site_name\" content=\"Elektrosmog-Schutz Onlineshop\" \/>\n<meta property=\"article:publisher\" content=\"https:\/\/www.facebook.com\/Ecologa-Europe-GmbH-1604744566252298\/\" \/>\n<meta property=\"article:modified_time\" content=\"2025-05-16T10:43:15+00:00\" \/>\n<meta property=\"og:image\" content=\"https:\/\/ecologa-europe.com\/shop\/wp-content\/uploads\/2025\/05\/noha_tuell_1.jpg\" \/>\n\t<meta property=\"og:image:width\" content=\"778\" \/>\n\t<meta property=\"og:image:height\" content=\"560\" \/>\n\t<meta property=\"og:image:type\" content=\"image\/jpeg\" \/>\n<meta name=\"twitter:card\" content=\"summary_large_image\" \/>\n<meta name=\"twitter:label1\" content=\"Gesch\u00e4tzte Lesezeit\" \/>\n\t<meta name=\"twitter:data1\" content=\"2\u00a0Minuten\" \/>\n<script type=\"application\/ld+json\" class=\"yoast-schema-graph\">{\"@context\":\"https:\\\/\\\/schema.org\",\"@graph\":[{\"@type\":\"WebPage\",\"@id\":\"https:\\\/\\\/ecologa-europe.com\\\/shop\\\/produkt\\\/rete-protettiva-noha\\\/?lang=it\",\"url\":\"https:\\\/\\\/ecologa-europe.com\\\/shop\\\/produkt\\\/rete-protettiva-noha\\\/?lang=it\",\"name\":\"Rete protettiva Noha - Elektrosmog-Schutz Onlineshop\",\"isPartOf\":{\"@id\":\"https:\\\/\\\/ecologa-europe.com\\\/shop\\\/#website\"},\"primaryImageOfPage\":{\"@id\":\"https:\\\/\\\/ecologa-europe.com\\\/shop\\\/produkt\\\/rete-protettiva-noha\\\/?lang=it#primaryimage\"},\"image\":{\"@id\":\"https:\\\/\\\/ecologa-europe.com\\\/shop\\\/produkt\\\/rete-protettiva-noha\\\/?lang=it#primaryimage\"},\"thumbnailUrl\":\"https:\\\/\\\/ecologa-europe.com\\\/shop\\\/wp-content\\\/uploads\\\/2025\\\/05\\\/noha_tuell_1.jpg\",\"datePublished\":\"2025-05-16T10:29:52+00:00\",\"dateModified\":\"2025-05-16T10:43:15+00:00\",\"description\":\"Noha scherma i campi elettromagnetici in modo molto efficace. L'attenuazione della densit\u00e0 di potenza da 200 MHz a 14 GHz raggiunge il 99,995% (solo lo 0,005% viene trasmesso).\",\"breadcrumb\":{\"@id\":\"https:\\\/\\\/ecologa-europe.com\\\/shop\\\/produkt\\\/rete-protettiva-noha\\\/?lang=it#breadcrumb\"},\"inLanguage\":\"de\",\"potentialAction\":[{\"@type\":\"ReadAction\",\"target\":[\"https:\\\/\\\/ecologa-europe.com\\\/shop\\\/produkt\\\/rete-protettiva-noha\\\/?lang=it\"]}]},{\"@type\":\"ImageObject\",\"inLanguage\":\"de\",\"@id\":\"https:\\\/\\\/ecologa-europe.com\\\/shop\\\/produkt\\\/rete-protettiva-noha\\\/?lang=it#primaryimage\",\"url\":\"https:\\\/\\\/ecologa-europe.com\\\/shop\\\/wp-content\\\/uploads\\\/2025\\\/05\\\/noha_tuell_1.jpg\",\"contentUrl\":\"https:\\\/\\\/ecologa-europe.com\\\/shop\\\/wp-content\\\/uploads\\\/2025\\\/05\\\/noha_tuell_1.jpg\",\"width\":778,\"height\":560},{\"@type\":\"BreadcrumbList\",\"@id\":\"https:\\\/\\\/ecologa-europe.com\\\/shop\\\/produkt\\\/rete-protettiva-noha\\\/?lang=it#breadcrumb\",\"itemListElement\":[{\"@type\":\"ListItem\",\"position\":1,\"name\":\"Startseite\",\"item\":\"https:\\\/\\\/ecologa-europe.com\\\/shop\\\/\"},{\"@type\":\"ListItem\",\"position\":2,\"name\":\"Shop\",\"item\":\"https:\\\/\\\/ecologa-europe.com\\\/shop\\\/shop\\\/\"},{\"@type\":\"ListItem\",\"position\":3,\"name\":\"Rete protettiva Noha\"}]},{\"@type\":\"WebSite\",\"@id\":\"https:\\\/\\\/ecologa-europe.com\\\/shop\\\/#website\",\"url\":\"https:\\\/\\\/ecologa-europe.com\\\/shop\\\/\",\"name\":\"Elektrosmog-Schutz Onlineshop\",\"description\":\"Ecologa Europe\",\"publisher\":{\"@id\":\"https:\\\/\\\/ecologa-europe.com\\\/shop\\\/#organization\"},\"potentialAction\":[{\"@type\":\"SearchAction\",\"target\":{\"@type\":\"EntryPoint\",\"urlTemplate\":\"https:\\\/\\\/ecologa-europe.com\\\/shop\\\/?s={search_term_string}\"},\"query-input\":{\"@type\":\"PropertyValueSpecification\",\"valueRequired\":true,\"valueName\":\"search_term_string\"}}],\"inLanguage\":\"de\"},{\"@type\":\"Organization\",\"@id\":\"https:\\\/\\\/ecologa-europe.com\\\/shop\\\/#organization\",\"name\":\"Elektrosmog-Schutz Onlineshop\",\"url\":\"https:\\\/\\\/ecologa-europe.com\\\/shop\\\/\",\"logo\":{\"@type\":\"ImageObject\",\"inLanguage\":\"de\",\"@id\":\"https:\\\/\\\/ecologa-europe.com\\\/shop\\\/#\\\/schema\\\/logo\\\/image\\\/\",\"url\":\"https:\\\/\\\/ecologa-europe.com\\\/shop\\\/wp-content\\\/uploads\\\/2025\\\/04\\\/vertical-navbar-logo.svg\",\"contentUrl\":\"https:\\\/\\\/ecologa-europe.com\\\/shop\\\/wp-content\\\/uploads\\\/2025\\\/04\\\/vertical-navbar-logo.svg\",\"width\":182,\"height\":70,\"caption\":\"Elektrosmog-Schutz Onlineshop\"},\"image\":{\"@id\":\"https:\\\/\\\/ecologa-europe.com\\\/shop\\\/#\\\/schema\\\/logo\\\/image\\\/\"},\"sameAs\":[\"https:\\\/\\\/www.facebook.com\\\/Ecologa-Europe-GmbH-1604744566252298\\\/\",\"https:\\\/\\\/www.instagram.com\\\/ecologaeurope\\\/\"]}]}<\/script>\n<!-- \/ Yoast SEO plugin. -->","yoast_head_json":{"title":"Rete protettiva Noha - Elektrosmog-Schutz Onlineshop","description":"Noha scherma i campi elettromagnetici in modo molto efficace. L'attenuazione della densit\u00e0 di potenza da 200 MHz a 14 GHz raggiunge il 99,995% (solo lo 0,005% viene trasmesso).","robots":{"index":"index","follow":"follow","max-snippet":"max-snippet:-1","max-image-preview":"max-image-preview:large","max-video-preview":"max-video-preview:-1"},"canonical":"https:\/\/ecologa-europe.com\/shop\/produkt\/rete-protettiva-noha\/","og_locale":"de_DE","og_type":"article","og_title":"Rete protettiva Noha - Elektrosmog-Schutz Onlineshop","og_description":"Noha scherma i campi elettromagnetici in modo molto efficace. L'attenuazione della densit\u00e0 di potenza da 200 MHz a 14 GHz raggiunge il 99,995% (solo lo 0,005% viene trasmesso).","og_url":"https:\/\/ecologa-europe.com\/shop\/produkt\/rete-protettiva-noha\/?lang=it","og_site_name":"Elektrosmog-Schutz Onlineshop","article_publisher":"https:\/\/www.facebook.com\/Ecologa-Europe-GmbH-1604744566252298\/","article_modified_time":"2025-05-16T10:43:15+00:00","og_image":[{"width":778,"height":560,"url":"https:\/\/ecologa-europe.com\/shop\/wp-content\/uploads\/2025\/05\/noha_tuell_1.jpg","type":"image\/jpeg"}],"twitter_card":"summary_large_image","twitter_misc":{"Gesch\u00e4tzte Lesezeit":"2\u00a0Minuten"},"schema":{"@context":"https:\/\/schema.org","@graph":[{"@type":"WebPage","@id":"https:\/\/ecologa-europe.com\/shop\/produkt\/rete-protettiva-noha\/?lang=it","url":"https:\/\/ecologa-europe.com\/shop\/produkt\/rete-protettiva-noha\/?lang=it","name":"Rete protettiva Noha - Elektrosmog-Schutz Onlineshop","isPartOf":{"@id":"https:\/\/ecologa-europe.com\/shop\/#website"},"primaryImageOfPage":{"@id":"https:\/\/ecologa-europe.com\/shop\/produkt\/rete-protettiva-noha\/?lang=it#primaryimage"},"image":{"@id":"https:\/\/ecologa-europe.com\/shop\/produkt\/rete-protettiva-noha\/?lang=it#primaryimage"},"thumbnailUrl":"https:\/\/ecologa-europe.com\/shop\/wp-content\/uploads\/2025\/05\/noha_tuell_1.jpg","datePublished":"2025-05-16T10:29:52+00:00","dateModified":"2025-05-16T10:43:15+00:00","description":"Noha scherma i campi elettromagnetici in modo molto efficace. L'attenuazione della densit\u00e0 di potenza da 200 MHz a 14 GHz raggiunge il 99,995% (solo lo 0,005% viene trasmesso).","breadcrumb":{"@id":"https:\/\/ecologa-europe.com\/shop\/produkt\/rete-protettiva-noha\/?lang=it#breadcrumb"},"inLanguage":"de","potentialAction":[{"@type":"ReadAction","target":["https:\/\/ecologa-europe.com\/shop\/produkt\/rete-protettiva-noha\/?lang=it"]}]},{"@type":"ImageObject","inLanguage":"de","@id":"https:\/\/ecologa-europe.com\/shop\/produkt\/rete-protettiva-noha\/?lang=it#primaryimage","url":"https:\/\/ecologa-europe.com\/shop\/wp-content\/uploads\/2025\/05\/noha_tuell_1.jpg","contentUrl":"https:\/\/ecologa-europe.com\/shop\/wp-content\/uploads\/2025\/05\/noha_tuell_1.jpg","width":778,"height":560},{"@type":"BreadcrumbList","@id":"https:\/\/ecologa-europe.com\/shop\/produkt\/rete-protettiva-noha\/?lang=it#breadcrumb","itemListElement":[{"@type":"ListItem","position":1,"name":"Startseite","item":"https:\/\/ecologa-europe.com\/shop\/"},{"@type":"ListItem","position":2,"name":"Shop","item":"https:\/\/ecologa-europe.com\/shop\/shop\/"},{"@type":"ListItem","position":3,"name":"Rete protettiva Noha"}]},{"@type":"WebSite","@id":"https:\/\/ecologa-europe.com\/shop\/#website","url":"https:\/\/ecologa-europe.com\/shop\/","name":"Elektrosmog-Schutz Onlineshop","description":"Ecologa Europe","publisher":{"@id":"https:\/\/ecologa-europe.com\/shop\/#organization"},"potentialAction":[{"@type":"SearchAction","target":{"@type":"EntryPoint","urlTemplate":"https:\/\/ecologa-europe.com\/shop\/?s={search_term_string}"},"query-input":{"@type":"PropertyValueSpecification","valueRequired":true,"valueName":"search_term_string"}}],"inLanguage":"de"},{"@type":"Organization","@id":"https:\/\/ecologa-europe.com\/shop\/#organization","name":"Elektrosmog-Schutz Onlineshop","url":"https:\/\/ecologa-europe.com\/shop\/","logo":{"@type":"ImageObject","inLanguage":"de","@id":"https:\/\/ecologa-europe.com\/shop\/#\/schema\/logo\/image\/","url":"https:\/\/ecologa-europe.com\/shop\/wp-content\/uploads\/2025\/04\/vertical-navbar-logo.svg","contentUrl":"https:\/\/ecologa-europe.com\/shop\/wp-content\/uploads\/2025\/04\/vertical-navbar-logo.svg","width":182,"height":70,"caption":"Elektrosmog-Schutz Onlineshop"},"image":{"@id":"https:\/\/ecologa-europe.com\/shop\/#\/schema\/logo\/image\/"},"sameAs":["https:\/\/www.facebook.com\/Ecologa-Europe-GmbH-1604744566252298\/","https:\/\/www.instagram.com\/ecologaeurope\/"]}]}},"_links":{"self":[{"href":"https:\/\/ecologa-europe.com\/shop\/wp-json\/wp\/v2\/product\/7977","targetHints":{"allow":["GET"]}}],"collection":[{"href":"https:\/\/ecologa-europe.com\/shop\/wp-json\/wp\/v2\/product"}],"about":[{"href":"https:\/\/ecologa-europe.com\/shop\/wp-json\/wp\/v2\/types\/product"}],"wp:featuredmedia":[{"embeddable":true,"href":"https:\/\/ecologa-europe.com\/shop\/wp-json\/wp\/v2\/media\/8007"}],"wp:attachment":[{"href":"https:\/\/ecologa-europe.com\/shop\/wp-json\/wp\/v2\/media?parent=7977"}],"wp:term":[{"taxonomy":"product_brand","embeddable":true,"href":"https:\/\/ecologa-europe.com\/shop\/wp-json\/wp\/v2\/product_brand?post=7977"},{"taxonomy":"product_cat","embeddable":true,"href":"https:\/\/ecologa-europe.com\/shop\/wp-json\/wp\/v2\/product_cat?post=7977"},{"taxonomy":"product_tag","embeddable":true,"href":"https:\/\/ecologa-europe.com\/shop\/wp-json\/wp\/v2\/product_tag?post=7977"}],"curies":[{"name":"wp","href":"https:\/\/api.w.org\/{rel}","templated":true}]}}