{"id":9926,"date":"2025-08-22T08:38:58","date_gmt":"2025-08-22T08:38:58","guid":{"rendered":"https:\/\/ecologa-europe.com\/shop\/?post_type=product&#038;p=9926"},"modified":"2025-08-25T08:30:14","modified_gmt":"2025-08-25T08:30:14","slug":"cable-de-mise-a-la-terre-usb-notebook-kopie","status":"publish","type":"product","link":"https:\/\/ecologa-europe.com\/shop\/produkt\/cable-de-mise-a-la-terre-usb-notebook-kopie\/?lang=fr","title":{"rendered":"C\u00e2ble de mise \u00e0 la terre &#8211; USB &#8211; Notebook (Kopie)"},"content":{"rendered":"<p>Notre c\u00e2ble de mise \u00e0 la terre USB allie une mise \u00e0 la terre s\u00fbre \u00e0 une utilisation simple. Il r\u00e9duit les tensions alternatives \u00e9lectriques dans l&#8217;utilisation quotidienne et prot\u00e8ge les ordinateurs portables, les routeurs et autres appareils gr\u00e2ce \u00e0 une connexion stable de compensation de potentiel, sans compromettre la s\u00e9curit\u00e9 ou le confort.<\/p>\n<p><strong>Avantages pour le client :<\/strong><br \/>\n\u2022 R\u00e9duction des tensions alternatives \u00e9lectriques : la masse de la carte m\u00e8re est reli\u00e9e \u00e0 la liaison \u00e9quipotentielle, ce qui r\u00e9duit les charges<br \/>\ncaus\u00e9es par les champs alternatifs.<br \/>\n\u2022 Utilisation simple : solution \u00e9conomique et rapide, qui s&#8217;installe sans modifications importantes.<br \/>\n\u2022 Utilisation polyvalente : id\u00e9al pour les ordinateurs portables, les routeurs et autres appareils mis \u00e0 la terre dans des r\u00e9seaux mis \u00e0 la terre (TN-S + TT).<br \/>\n\u2022 Conception s\u00fbre du produit : c\u00e2ble de 2,0 m isol\u00e9 en PVC avec fiche Schuko (PE uniquement) et fiche USB (masse uniquement), y compris adaptateur USB-A vers USB-C.<\/p>\n<p>\u2022 Contenu complet : c\u00e2ble de mise \u00e0 la terre USB, adaptateur USB-C et instructions claires.<\/p>\n<p><strong>Caract\u00e9ristiques techniques :<\/strong><br \/>\n\u2022 Couleur : blanc<br \/>\n\u2022 Longueur : 200 cm \u00b1 2 %<br \/>\n\u2022 Section du c\u00e2ble : 2,5 mm\u00b2<br \/>\n\u2022 Gaine du c\u00e2ble : PVC<br \/>\n\u2022 Fiche : Schuko CEE 7\/7 (PE uniquement)<br \/>\n\u2022 Fiche USB : type A + adaptateur type C<br \/>\n\u2022 Domaines d&#8217;application : prises de courant avec mise \u00e0 la terre (RCD\/FI, prot\u00e9g\u00e9es par un fusible de 30 mA), r\u00e9seaux TN-S + TT<\/p>\n<p><strong>Contenu de la livraison :<\/strong><br \/>\n\u2022 C\u00e2ble de mise \u00e0 la terre USB<br \/>\n\u2022 Adaptateur USB-C<br \/>\n\u2022 Mode d&#8217;emploi<\/p>\n<p><strong>Montage (explication rapide) :<\/strong><br \/>\n1. Branchez la fiche Schuko dans une prise de courant avec mise \u00e0 la terre.<br \/>\n2. Branchez la fiche USB-A dans votre ordinateur portable ou utilisez la fiche USB-A avec l&#8217;adaptateur USB-C.<\/p>\n<p><strong>Remarque :<\/strong> ce c\u00e2ble de mise \u00e0 la terre sert \u00e0 r\u00e9duire les tensions alternatives par compensation de potentiel et ne remplace pas une installation \u00e9lectrique professionnelle. En cas de doute, veuillez consulter un \u00e9lectricien.<\/p>\n<p>Traduit avec DeepL.com (version gratuite)<\/p>\n","protected":false},"excerpt":{"rendered":"<p>Notre c\u00e2ble de mise \u00e0 la terre USB allie une mise \u00e0 la terre s\u00fbre \u00e0 une utilisation simple. Il r\u00e9duit les tensions alternatives \u00e9lectriques dans l&#8217;utilisation quotidienne et prot\u00e8ge les ordinateurs portables, les routeurs et autres appareils gr\u00e2ce \u00e0 une connexion stable de compensation de potentiel, sans compromettre la s\u00e9curit\u00e9 ou le confort.<\/p>\n<p><strong>Avantages pour le client :<\/strong><br \/>\n\u2022 R\u00e9duction des tensions alternatives \u00e9lectriques : la masse de la carte m\u00e8re est reli\u00e9e \u00e0 la compensation de potentiel, ce qui<br \/>\nr\u00e9duit les charges dues aux champs alternatifs.<br \/>\n\u2022 Utilisation simple : solution \u00e9conomique et rapide, qui s&#8217;installe sans modifications importantes.<br \/>\n\u2022 Utilisation polyvalente : id\u00e9al pour les ordinateurs portables, les routeurs et autres appareils mis \u00e0 la terre dans des r\u00e9seaux mis \u00e0 la terre (TN-S + TT).<br \/>\n\u2022 Conception s\u00fbre du produit : c\u00e2ble de 2,0 m isol\u00e9 en PVC avec fiche Schuko (PE uniquement) et fiche USB (masse uniquement), avec adaptateur USB-A vers USB-C.<\/p>\n<p>\u2022 Contenu complet : c\u00e2ble de mise \u00e0 la terre USB, adaptateur USB-C et mode d&#8217;emploi clair.<\/p>\n<p>&nbsp;<\/p>\n","protected":false},"featured_media":9948,"template":"","meta":{"inline_featured_image":false,"site-sidebar-layout":"default","site-content-layout":"","ast-site-content-layout":"default","site-content-style":"default","site-sidebar-style":"default","ast-global-header-display":"","ast-banner-title-visibility":"","ast-main-header-display":"","ast-hfb-above-header-display":"","ast-hfb-below-header-display":"","ast-hfb-mobile-header-display":"","site-post-title":"","ast-breadcrumbs-content":"","ast-featured-img":"","footer-sml-layout":"","ast-disable-related-posts":"","theme-transparent-header-meta":"default","adv-header-id-meta":"","stick-header-meta":"","header-above-stick-meta":"","header-main-stick-meta":"","header-below-stick-meta":"","astra-migrate-meta-layouts":"set","ast-page-background-enabled":"default","ast-page-background-meta":{"desktop":{"background-color":"var(--ast-global-color-5)","background-image":"","background-repeat":"repeat","background-position":"center center","background-size":"auto","background-attachment":"scroll","background-type":"","background-media":"","overlay-type":"","overlay-color":"","overlay-opacity":"","overlay-gradient":""},"tablet":{"background-color":"","background-image":"","background-repeat":"repeat","background-position":"center center","background-size":"auto","background-attachment":"scroll","background-type":"","background-media":"","overlay-type":"","overlay-color":"","overlay-opacity":"","overlay-gradient":""},"mobile":{"background-color":"","background-image":"","background-repeat":"repeat","background-position":"center center","background-size":"auto","background-attachment":"scroll","background-type":"","background-media":"","overlay-type":"","overlay-color":"","overlay-opacity":"","overlay-gradient":""}},"ast-content-background-meta":{"desktop":{"background-color":"var(--ast-global-color-4)","background-image":"","background-repeat":"repeat","background-position":"center center","background-size":"auto","background-attachment":"scroll","background-type":"","background-media":"","overlay-type":"","overlay-color":"","overlay-opacity":"","overlay-gradient":""},"tablet":{"background-color":"var(--ast-global-color-4)","background-image":"","background-repeat":"repeat","background-position":"center center","background-size":"auto","background-attachment":"scroll","background-type":"","background-media":"","overlay-type":"","overlay-color":"","overlay-opacity":"","overlay-gradient":""},"mobile":{"background-color":"var(--ast-global-color-4)","background-image":"","background-repeat":"repeat","background-position":"center center","background-size":"auto","background-attachment":"scroll","background-type":"","background-media":"","overlay-type":"","overlay-color":"","overlay-opacity":"","overlay-gradient":""}}},"product_brand":[],"product_cat":[280],"product_tag":[],"class_list":{"0":"post-9926","1":"product","2":"type-product","3":"status-publish","4":"has-post-thumbnail","6":"product_cat-accessoires-de-mise-a-terre","7":"product_shipping_class-standardversand","8":"desktop-align-left","9":"tablet-align-left","10":"mobile-align-left","12":"first","13":"instock","14":"taxable","15":"shipping-taxable","16":"purchasable","17":"product-type-simple"},"yoast_head":"<!-- This site is optimized with the Yoast SEO plugin v27.4 - https:\/\/yoast.com\/product\/yoast-seo-wordpress\/ -->\n<title>C\u00e2ble de mise \u00e0 la terre - USB - Notebook (Kopie) - Elektrosmog-Schutz Onlineshop<\/title>\n<meta name=\"description\" content=\"Le c\u00e2ble de mise \u00e0 la terre USB r\u00e9duit les tensions alternatives \u00e9lectriques dans l&#039;utilisation quotidienne et prot\u00e8ge les ordinateurs portables, les routeurs et autres appareils gr\u00e2ce \u00e0 une connexion stable de compensation de potentiel.\" \/>\n<meta name=\"robots\" content=\"index, follow, max-snippet:-1, max-image-preview:large, max-video-preview:-1\" \/>\n<link rel=\"canonical\" href=\"https:\/\/ecologa-europe.com\/shop\/produkt\/cable-de-mise-a-la-terre-usb-notebook-kopie\/\" \/>\n<meta property=\"og:locale\" content=\"de_DE\" \/>\n<meta property=\"og:type\" content=\"article\" \/>\n<meta property=\"og:title\" content=\"C\u00e2ble de mise \u00e0 la terre - USB - Notebook (Kopie) - Elektrosmog-Schutz Onlineshop\" \/>\n<meta property=\"og:description\" content=\"Le c\u00e2ble de mise \u00e0 la terre USB r\u00e9duit les tensions alternatives \u00e9lectriques dans l&#039;utilisation quotidienne et prot\u00e8ge les ordinateurs portables, les routeurs et autres appareils gr\u00e2ce \u00e0 une connexion stable de compensation de potentiel.\" \/>\n<meta property=\"og:url\" content=\"https:\/\/ecologa-europe.com\/shop\/produkt\/cable-de-mise-a-la-terre-usb-notebook-kopie\/?lang=fr\" \/>\n<meta property=\"og:site_name\" content=\"Elektrosmog-Schutz Onlineshop\" \/>\n<meta property=\"article:publisher\" content=\"https:\/\/www.facebook.com\/Ecologa-Europe-GmbH-1604744566252298\/\" \/>\n<meta property=\"article:modified_time\" content=\"2025-08-25T08:30:14+00:00\" \/>\n<meta property=\"og:image\" content=\"https:\/\/ecologa-europe.com\/shop\/wp-content\/uploads\/2025\/08\/1_Erdungsset-USB-Schuko.jpg\" \/>\n\t<meta property=\"og:image:width\" content=\"500\" \/>\n\t<meta property=\"og:image:height\" content=\"281\" \/>\n\t<meta property=\"og:image:type\" content=\"image\/jpeg\" \/>\n<meta name=\"twitter:card\" content=\"summary_large_image\" \/>\n<meta name=\"twitter:label1\" content=\"Gesch\u00e4tzte Lesezeit\" \/>\n\t<meta name=\"twitter:data1\" content=\"2\u00a0Minuten\" \/>\n<script type=\"application\/ld+json\" class=\"yoast-schema-graph\">{\"@context\":\"https:\\\/\\\/schema.org\",\"@graph\":[{\"@type\":\"WebPage\",\"@id\":\"https:\\\/\\\/ecologa-europe.com\\\/shop\\\/produkt\\\/cable-de-mise-a-la-terre-usb-notebook-kopie\\\/?lang=fr\",\"url\":\"https:\\\/\\\/ecologa-europe.com\\\/shop\\\/produkt\\\/cable-de-mise-a-la-terre-usb-notebook-kopie\\\/?lang=fr\",\"name\":\"C\u00e2ble de mise \u00e0 la terre - USB - Notebook (Kopie) - Elektrosmog-Schutz Onlineshop\",\"isPartOf\":{\"@id\":\"https:\\\/\\\/ecologa-europe.com\\\/shop\\\/#website\"},\"primaryImageOfPage\":{\"@id\":\"https:\\\/\\\/ecologa-europe.com\\\/shop\\\/produkt\\\/cable-de-mise-a-la-terre-usb-notebook-kopie\\\/?lang=fr#primaryimage\"},\"image\":{\"@id\":\"https:\\\/\\\/ecologa-europe.com\\\/shop\\\/produkt\\\/cable-de-mise-a-la-terre-usb-notebook-kopie\\\/?lang=fr#primaryimage\"},\"thumbnailUrl\":\"https:\\\/\\\/ecologa-europe.com\\\/shop\\\/wp-content\\\/uploads\\\/2025\\\/08\\\/1_Erdungsset-USB-Schuko.jpg\",\"datePublished\":\"2025-08-22T08:38:58+00:00\",\"dateModified\":\"2025-08-25T08:30:14+00:00\",\"description\":\"Le c\u00e2ble de mise \u00e0 la terre USB r\u00e9duit les tensions alternatives \u00e9lectriques dans l'utilisation quotidienne et prot\u00e8ge les ordinateurs portables, les routeurs et autres appareils gr\u00e2ce \u00e0 une connexion stable de compensation de potentiel.\",\"breadcrumb\":{\"@id\":\"https:\\\/\\\/ecologa-europe.com\\\/shop\\\/produkt\\\/cable-de-mise-a-la-terre-usb-notebook-kopie\\\/?lang=fr#breadcrumb\"},\"inLanguage\":\"de\",\"potentialAction\":[{\"@type\":\"ReadAction\",\"target\":[\"https:\\\/\\\/ecologa-europe.com\\\/shop\\\/produkt\\\/cable-de-mise-a-la-terre-usb-notebook-kopie\\\/?lang=fr\"]}]},{\"@type\":\"ImageObject\",\"inLanguage\":\"de\",\"@id\":\"https:\\\/\\\/ecologa-europe.com\\\/shop\\\/produkt\\\/cable-de-mise-a-la-terre-usb-notebook-kopie\\\/?lang=fr#primaryimage\",\"url\":\"https:\\\/\\\/ecologa-europe.com\\\/shop\\\/wp-content\\\/uploads\\\/2025\\\/08\\\/1_Erdungsset-USB-Schuko.jpg\",\"contentUrl\":\"https:\\\/\\\/ecologa-europe.com\\\/shop\\\/wp-content\\\/uploads\\\/2025\\\/08\\\/1_Erdungsset-USB-Schuko.jpg\",\"width\":500,\"height\":281},{\"@type\":\"BreadcrumbList\",\"@id\":\"https:\\\/\\\/ecologa-europe.com\\\/shop\\\/produkt\\\/cable-de-mise-a-la-terre-usb-notebook-kopie\\\/?lang=fr#breadcrumb\",\"itemListElement\":[{\"@type\":\"ListItem\",\"position\":1,\"name\":\"Startseite\",\"item\":\"https:\\\/\\\/ecologa-europe.com\\\/shop\\\/\"},{\"@type\":\"ListItem\",\"position\":2,\"name\":\"Shop\",\"item\":\"https:\\\/\\\/ecologa-europe.com\\\/shop\\\/shop\\\/\"},{\"@type\":\"ListItem\",\"position\":3,\"name\":\"C\u00e2ble de mise \u00e0 la terre &#8211; USB &#8211; Notebook (Kopie)\"}]},{\"@type\":\"WebSite\",\"@id\":\"https:\\\/\\\/ecologa-europe.com\\\/shop\\\/#website\",\"url\":\"https:\\\/\\\/ecologa-europe.com\\\/shop\\\/\",\"name\":\"Elektrosmog-Schutz Onlineshop\",\"description\":\"Ecologa Europe\",\"publisher\":{\"@id\":\"https:\\\/\\\/ecologa-europe.com\\\/shop\\\/#organization\"},\"potentialAction\":[{\"@type\":\"SearchAction\",\"target\":{\"@type\":\"EntryPoint\",\"urlTemplate\":\"https:\\\/\\\/ecologa-europe.com\\\/shop\\\/?s={search_term_string}\"},\"query-input\":{\"@type\":\"PropertyValueSpecification\",\"valueRequired\":true,\"valueName\":\"search_term_string\"}}],\"inLanguage\":\"de\"},{\"@type\":\"Organization\",\"@id\":\"https:\\\/\\\/ecologa-europe.com\\\/shop\\\/#organization\",\"name\":\"Elektrosmog-Schutz Onlineshop\",\"url\":\"https:\\\/\\\/ecologa-europe.com\\\/shop\\\/\",\"logo\":{\"@type\":\"ImageObject\",\"inLanguage\":\"de\",\"@id\":\"https:\\\/\\\/ecologa-europe.com\\\/shop\\\/#\\\/schema\\\/logo\\\/image\\\/\",\"url\":\"https:\\\/\\\/ecologa-europe.com\\\/shop\\\/wp-content\\\/uploads\\\/2025\\\/04\\\/vertical-navbar-logo.svg\",\"contentUrl\":\"https:\\\/\\\/ecologa-europe.com\\\/shop\\\/wp-content\\\/uploads\\\/2025\\\/04\\\/vertical-navbar-logo.svg\",\"width\":182,\"height\":70,\"caption\":\"Elektrosmog-Schutz Onlineshop\"},\"image\":{\"@id\":\"https:\\\/\\\/ecologa-europe.com\\\/shop\\\/#\\\/schema\\\/logo\\\/image\\\/\"},\"sameAs\":[\"https:\\\/\\\/www.facebook.com\\\/Ecologa-Europe-GmbH-1604744566252298\\\/\",\"https:\\\/\\\/www.instagram.com\\\/ecologaeurope\\\/\"]}]}<\/script>\n<!-- \/ Yoast SEO plugin. -->","yoast_head_json":{"title":"C\u00e2ble de mise \u00e0 la terre - USB - Notebook (Kopie) - Elektrosmog-Schutz Onlineshop","description":"Le c\u00e2ble de mise \u00e0 la terre USB r\u00e9duit les tensions alternatives \u00e9lectriques dans l'utilisation quotidienne et prot\u00e8ge les ordinateurs portables, les routeurs et autres appareils gr\u00e2ce \u00e0 une connexion stable de compensation de potentiel.","robots":{"index":"index","follow":"follow","max-snippet":"max-snippet:-1","max-image-preview":"max-image-preview:large","max-video-preview":"max-video-preview:-1"},"canonical":"https:\/\/ecologa-europe.com\/shop\/produkt\/cable-de-mise-a-la-terre-usb-notebook-kopie\/","og_locale":"de_DE","og_type":"article","og_title":"C\u00e2ble de mise \u00e0 la terre - USB - Notebook (Kopie) - Elektrosmog-Schutz Onlineshop","og_description":"Le c\u00e2ble de mise \u00e0 la terre USB r\u00e9duit les tensions alternatives \u00e9lectriques dans l'utilisation quotidienne et prot\u00e8ge les ordinateurs portables, les routeurs et autres appareils gr\u00e2ce \u00e0 une connexion stable de compensation de potentiel.","og_url":"https:\/\/ecologa-europe.com\/shop\/produkt\/cable-de-mise-a-la-terre-usb-notebook-kopie\/?lang=fr","og_site_name":"Elektrosmog-Schutz Onlineshop","article_publisher":"https:\/\/www.facebook.com\/Ecologa-Europe-GmbH-1604744566252298\/","article_modified_time":"2025-08-25T08:30:14+00:00","og_image":[{"width":500,"height":281,"url":"https:\/\/ecologa-europe.com\/shop\/wp-content\/uploads\/2025\/08\/1_Erdungsset-USB-Schuko.jpg","type":"image\/jpeg"}],"twitter_card":"summary_large_image","twitter_misc":{"Gesch\u00e4tzte Lesezeit":"2\u00a0Minuten"},"schema":{"@context":"https:\/\/schema.org","@graph":[{"@type":"WebPage","@id":"https:\/\/ecologa-europe.com\/shop\/produkt\/cable-de-mise-a-la-terre-usb-notebook-kopie\/?lang=fr","url":"https:\/\/ecologa-europe.com\/shop\/produkt\/cable-de-mise-a-la-terre-usb-notebook-kopie\/?lang=fr","name":"C\u00e2ble de mise \u00e0 la terre - USB - Notebook (Kopie) - Elektrosmog-Schutz Onlineshop","isPartOf":{"@id":"https:\/\/ecologa-europe.com\/shop\/#website"},"primaryImageOfPage":{"@id":"https:\/\/ecologa-europe.com\/shop\/produkt\/cable-de-mise-a-la-terre-usb-notebook-kopie\/?lang=fr#primaryimage"},"image":{"@id":"https:\/\/ecologa-europe.com\/shop\/produkt\/cable-de-mise-a-la-terre-usb-notebook-kopie\/?lang=fr#primaryimage"},"thumbnailUrl":"https:\/\/ecologa-europe.com\/shop\/wp-content\/uploads\/2025\/08\/1_Erdungsset-USB-Schuko.jpg","datePublished":"2025-08-22T08:38:58+00:00","dateModified":"2025-08-25T08:30:14+00:00","description":"Le c\u00e2ble de mise \u00e0 la terre USB r\u00e9duit les tensions alternatives \u00e9lectriques dans l'utilisation quotidienne et prot\u00e8ge les ordinateurs portables, les routeurs et autres appareils gr\u00e2ce \u00e0 une connexion stable de compensation de potentiel.","breadcrumb":{"@id":"https:\/\/ecologa-europe.com\/shop\/produkt\/cable-de-mise-a-la-terre-usb-notebook-kopie\/?lang=fr#breadcrumb"},"inLanguage":"de","potentialAction":[{"@type":"ReadAction","target":["https:\/\/ecologa-europe.com\/shop\/produkt\/cable-de-mise-a-la-terre-usb-notebook-kopie\/?lang=fr"]}]},{"@type":"ImageObject","inLanguage":"de","@id":"https:\/\/ecologa-europe.com\/shop\/produkt\/cable-de-mise-a-la-terre-usb-notebook-kopie\/?lang=fr#primaryimage","url":"https:\/\/ecologa-europe.com\/shop\/wp-content\/uploads\/2025\/08\/1_Erdungsset-USB-Schuko.jpg","contentUrl":"https:\/\/ecologa-europe.com\/shop\/wp-content\/uploads\/2025\/08\/1_Erdungsset-USB-Schuko.jpg","width":500,"height":281},{"@type":"BreadcrumbList","@id":"https:\/\/ecologa-europe.com\/shop\/produkt\/cable-de-mise-a-la-terre-usb-notebook-kopie\/?lang=fr#breadcrumb","itemListElement":[{"@type":"ListItem","position":1,"name":"Startseite","item":"https:\/\/ecologa-europe.com\/shop\/"},{"@type":"ListItem","position":2,"name":"Shop","item":"https:\/\/ecologa-europe.com\/shop\/shop\/"},{"@type":"ListItem","position":3,"name":"C\u00e2ble de mise \u00e0 la terre &#8211; USB &#8211; Notebook (Kopie)"}]},{"@type":"WebSite","@id":"https:\/\/ecologa-europe.com\/shop\/#website","url":"https:\/\/ecologa-europe.com\/shop\/","name":"Elektrosmog-Schutz Onlineshop","description":"Ecologa Europe","publisher":{"@id":"https:\/\/ecologa-europe.com\/shop\/#organization"},"potentialAction":[{"@type":"SearchAction","target":{"@type":"EntryPoint","urlTemplate":"https:\/\/ecologa-europe.com\/shop\/?s={search_term_string}"},"query-input":{"@type":"PropertyValueSpecification","valueRequired":true,"valueName":"search_term_string"}}],"inLanguage":"de"},{"@type":"Organization","@id":"https:\/\/ecologa-europe.com\/shop\/#organization","name":"Elektrosmog-Schutz Onlineshop","url":"https:\/\/ecologa-europe.com\/shop\/","logo":{"@type":"ImageObject","inLanguage":"de","@id":"https:\/\/ecologa-europe.com\/shop\/#\/schema\/logo\/image\/","url":"https:\/\/ecologa-europe.com\/shop\/wp-content\/uploads\/2025\/04\/vertical-navbar-logo.svg","contentUrl":"https:\/\/ecologa-europe.com\/shop\/wp-content\/uploads\/2025\/04\/vertical-navbar-logo.svg","width":182,"height":70,"caption":"Elektrosmog-Schutz Onlineshop"},"image":{"@id":"https:\/\/ecologa-europe.com\/shop\/#\/schema\/logo\/image\/"},"sameAs":["https:\/\/www.facebook.com\/Ecologa-Europe-GmbH-1604744566252298\/","https:\/\/www.instagram.com\/ecologaeurope\/"]}]}},"_links":{"self":[{"href":"https:\/\/ecologa-europe.com\/shop\/wp-json\/wp\/v2\/product\/9926","targetHints":{"allow":["GET"]}}],"collection":[{"href":"https:\/\/ecologa-europe.com\/shop\/wp-json\/wp\/v2\/product"}],"about":[{"href":"https:\/\/ecologa-europe.com\/shop\/wp-json\/wp\/v2\/types\/product"}],"wp:featuredmedia":[{"embeddable":true,"href":"https:\/\/ecologa-europe.com\/shop\/wp-json\/wp\/v2\/media\/9948"}],"wp:attachment":[{"href":"https:\/\/ecologa-europe.com\/shop\/wp-json\/wp\/v2\/media?parent=9926"}],"wp:term":[{"taxonomy":"product_brand","embeddable":true,"href":"https:\/\/ecologa-europe.com\/shop\/wp-json\/wp\/v2\/product_brand?post=9926"},{"taxonomy":"product_cat","embeddable":true,"href":"https:\/\/ecologa-europe.com\/shop\/wp-json\/wp\/v2\/product_cat?post=9926"},{"taxonomy":"product_tag","embeddable":true,"href":"https:\/\/ecologa-europe.com\/shop\/wp-json\/wp\/v2\/product_tag?post=9926"}],"curies":[{"name":"wp","href":"https:\/\/api.w.org\/{rel}","templated":true}]}}